{"id":7281,"date":"2020-03-17T04:05:55","date_gmt":"2020-03-17T09:05:55","guid":{"rendered":"https:\/\/sherinamayani.com\/go\/dup-dinero-con-flow-reto-de-5-dias\/"},"modified":"2020-03-23T22:10:52","modified_gmt":"2020-03-24T03:10:52","slug":"reto-clearing","status":"publish","type":"page","link":"https:\/\/sherinamayani.com\/go\/reto-clearing\/","title":{"rendered":"Clearing con Flow &#8211; Reto Especial de 10 d\u00edas"},"content":{"rendered":"","protected":false},"excerpt":{"rendered":"","protected":false},"author":3,"featured_media":0,"parent":0,"menu_order":0,"comment_status":"closed","ping_status":"closed","template":"","meta":{"footnotes":""},"class_list":["post-7281","page","type-page","status-publish","hentry","entry"],"yoast_head":"<!-- This site is optimized with the Yoast SEO plugin v23.8 - https:\/\/yoast.com\/wordpress\/plugins\/seo\/ -->\n<title>Clearing con Flow - Reto Especial de 10 d\u00edas con Sherina Mayani<\/title>\n<meta name=\"description\" content=\"En este reto gratuito de 10 d\u00edas, mejorar\u00e1s tu energ\u00eda y mentalidad, calmar\u00e1s los miedos y ansiedades mientras atraes prosperidad a tu negocio con FLOW.\" \/>\n<meta name=\"robots\" content=\"index, follow, max-snippet:-1, max-image-preview:large, max-video-preview:-1\" \/>\n<link rel=\"canonical\" href=\"https:\/\/sherinamayani.com\/go\/reto-clearing\/\" \/>\n<meta property=\"og:locale\" content=\"es_ES\" \/>\n<meta property=\"og:type\" content=\"article\" \/>\n<meta property=\"og:title\" content=\"Clearing con Flow - Reto Especial de 10 d\u00edas con Sherina Mayani\" \/>\n<meta property=\"og:description\" content=\"En este reto gratuito de 10 d\u00edas, mejorar\u00e1s tu energ\u00eda y mentalidad, calmar\u00e1s los miedos y ansiedades mientras atraes prosperidad a tu negocio con FLOW.\" \/>\n<meta property=\"og:url\" content=\"https:\/\/sherinamayani.com\/go\/reto-clearing\/\" \/>\n<meta property=\"og:site_name\" content=\"Sherina Mayani\" \/>\n<meta property=\"article:modified_time\" content=\"2020-03-24T03:10:52+00:00\" \/>\n<meta property=\"og:image\" content=\"https:\/\/sherinamayani.com\/go\/wp-content\/uploads\/2020\/03\/sherina_mayani_clearing_con_flow_banner_jpg.jpg\" \/>\n\t<meta property=\"og:image:width\" content=\"1600\" \/>\n\t<meta property=\"og:image:height\" content=\"862\" \/>\n\t<meta property=\"og:image:type\" content=\"image\/jpeg\" \/>\n<meta name=\"twitter:label1\" content=\"Tiempo de lectura\" \/>\n\t<meta name=\"twitter:data1\" content=\"17 minutos\" \/>\n<script type=\"application\/ld+json\" class=\"yoast-schema-graph\">{\"@context\":\"https:\/\/schema.org\",\"@graph\":[{\"@type\":\"WebPage\",\"@id\":\"https:\/\/sherinamayani.com\/go\/reto-clearing\/\",\"url\":\"https:\/\/sherinamayani.com\/go\/reto-clearing\/\",\"name\":\"Clearing con Flow - Reto Especial de 10 d\u00edas con Sherina Mayani\",\"isPartOf\":{\"@id\":\"https:\/\/sherinamayani.com\/go\/#website\"},\"primaryImageOfPage\":{\"@id\":\"https:\/\/sherinamayani.com\/go\/reto-clearing\/#primaryimage\"},\"image\":{\"@id\":\"https:\/\/sherinamayani.com\/go\/reto-clearing\/#primaryimage\"},\"thumbnailUrl\":\"https:\/\/sherinamayani.com\/go\/wp-content\/uploads\/2020\/03\/Sherina_Mayani_Clearing_con_Flow_Logo_PNG_v3.png\",\"datePublished\":\"2020-03-17T09:05:55+00:00\",\"dateModified\":\"2020-03-24T03:10:52+00:00\",\"description\":\"En este reto gratuito de 10 d\u00edas, mejorar\u00e1s tu energ\u00eda y mentalidad, calmar\u00e1s los miedos y ansiedades mientras atraes prosperidad a tu negocio con FLOW.\",\"breadcrumb\":{\"@id\":\"https:\/\/sherinamayani.com\/go\/reto-clearing\/#breadcrumb\"},\"inLanguage\":\"es\",\"potentialAction\":[{\"@type\":\"ReadAction\",\"target\":[\"https:\/\/sherinamayani.com\/go\/reto-clearing\/\"]}]},{\"@type\":\"ImageObject\",\"inLanguage\":\"es\",\"@id\":\"https:\/\/sherinamayani.com\/go\/reto-clearing\/#primaryimage\",\"url\":\"https:\/\/sherinamayani.com\/go\/wp-content\/uploads\/2020\/03\/Sherina_Mayani_Clearing_con_Flow_Logo_PNG_v3.png\",\"contentUrl\":\"https:\/\/sherinamayani.com\/go\/wp-content\/uploads\/2020\/03\/Sherina_Mayani_Clearing_con_Flow_Logo_PNG_v3.png\",\"width\":895,\"height\":232},{\"@type\":\"BreadcrumbList\",\"@id\":\"https:\/\/sherinamayani.com\/go\/reto-clearing\/#breadcrumb\",\"itemListElement\":[{\"@type\":\"ListItem\",\"position\":1,\"name\":\"Home\",\"item\":\"https:\/\/sherinamayani.com\/go\/\"},{\"@type\":\"ListItem\",\"position\":2,\"name\":\"Clearing con Flow &#8211; Reto Especial de 10 d\u00edas\"}]},{\"@type\":\"WebSite\",\"@id\":\"https:\/\/sherinamayani.com\/go\/#website\",\"url\":\"https:\/\/sherinamayani.com\/go\/\",\"name\":\"Sherina Mayani\",\"description\":\"Coach de Negocios para Mujeres\",\"potentialAction\":[{\"@type\":\"SearchAction\",\"target\":{\"@type\":\"EntryPoint\",\"urlTemplate\":\"https:\/\/sherinamayani.com\/go\/?s={search_term_string}\"},\"query-input\":{\"@type\":\"PropertyValueSpecification\",\"valueRequired\":true,\"valueName\":\"search_term_string\"}}],\"inLanguage\":\"es\"}]}<\/script>\n<!-- \/ Yoast SEO plugin. -->","yoast_head_json":{"title":"Clearing con Flow - Reto Especial de 10 d\u00edas con Sherina Mayani","description":"En este reto gratuito de 10 d\u00edas, mejorar\u00e1s tu energ\u00eda y mentalidad, calmar\u00e1s los miedos y ansiedades mientras atraes prosperidad a tu negocio con FLOW.","robots":{"index":"index","follow":"follow","max-snippet":"max-snippet:-1","max-image-preview":"max-image-preview:large","max-video-preview":"max-video-preview:-1"},"canonical":"https:\/\/sherinamayani.com\/go\/reto-clearing\/","og_locale":"es_ES","og_type":"article","og_title":"Clearing con Flow - Reto Especial de 10 d\u00edas con Sherina Mayani","og_description":"En este reto gratuito de 10 d\u00edas, mejorar\u00e1s tu energ\u00eda y mentalidad, calmar\u00e1s los miedos y ansiedades mientras atraes prosperidad a tu negocio con FLOW.","og_url":"https:\/\/sherinamayani.com\/go\/reto-clearing\/","og_site_name":"Sherina Mayani","article_modified_time":"2020-03-24T03:10:52+00:00","og_image":[{"width":1600,"height":862,"url":"https:\/\/sherinamayani.com\/go\/wp-content\/uploads\/2020\/03\/sherina_mayani_clearing_con_flow_banner_jpg.jpg","type":"image\/jpeg"}],"twitter_misc":{"Tiempo de lectura":"17 minutos"},"schema":{"@context":"https:\/\/schema.org","@graph":[{"@type":"WebPage","@id":"https:\/\/sherinamayani.com\/go\/reto-clearing\/","url":"https:\/\/sherinamayani.com\/go\/reto-clearing\/","name":"Clearing con Flow - Reto Especial de 10 d\u00edas con Sherina Mayani","isPartOf":{"@id":"https:\/\/sherinamayani.com\/go\/#website"},"primaryImageOfPage":{"@id":"https:\/\/sherinamayani.com\/go\/reto-clearing\/#primaryimage"},"image":{"@id":"https:\/\/sherinamayani.com\/go\/reto-clearing\/#primaryimage"},"thumbnailUrl":"https:\/\/sherinamayani.com\/go\/wp-content\/uploads\/2020\/03\/Sherina_Mayani_Clearing_con_Flow_Logo_PNG_v3.png","datePublished":"2020-03-17T09:05:55+00:00","dateModified":"2020-03-24T03:10:52+00:00","description":"En este reto gratuito de 10 d\u00edas, mejorar\u00e1s tu energ\u00eda y mentalidad, calmar\u00e1s los miedos y ansiedades mientras atraes prosperidad a tu negocio con FLOW.","breadcrumb":{"@id":"https:\/\/sherinamayani.com\/go\/reto-clearing\/#breadcrumb"},"inLanguage":"es","potentialAction":[{"@type":"ReadAction","target":["https:\/\/sherinamayani.com\/go\/reto-clearing\/"]}]},{"@type":"ImageObject","inLanguage":"es","@id":"https:\/\/sherinamayani.com\/go\/reto-clearing\/#primaryimage","url":"https:\/\/sherinamayani.com\/go\/wp-content\/uploads\/2020\/03\/Sherina_Mayani_Clearing_con_Flow_Logo_PNG_v3.png","contentUrl":"https:\/\/sherinamayani.com\/go\/wp-content\/uploads\/2020\/03\/Sherina_Mayani_Clearing_con_Flow_Logo_PNG_v3.png","width":895,"height":232},{"@type":"BreadcrumbList","@id":"https:\/\/sherinamayani.com\/go\/reto-clearing\/#breadcrumb","itemListElement":[{"@type":"ListItem","position":1,"name":"Home","item":"https:\/\/sherinamayani.com\/go\/"},{"@type":"ListItem","position":2,"name":"Clearing con Flow &#8211; Reto Especial de 10 d\u00edas"}]},{"@type":"WebSite","@id":"https:\/\/sherinamayani.com\/go\/#website","url":"https:\/\/sherinamayani.com\/go\/","name":"Sherina Mayani","description":"Coach de Negocios para Mujeres","potentialAction":[{"@type":"SearchAction","target":{"@type":"EntryPoint","urlTemplate":"https:\/\/sherinamayani.com\/go\/?s={search_term_string}"},"query-input":{"@type":"PropertyValueSpecification","valueRequired":true,"valueName":"search_term_string"}}],"inLanguage":"es"}]}},"_links":{"self":[{"href":"https:\/\/sherinamayani.com\/go\/wp-json\/wp\/v2\/pages\/7281","targetHints":{"allow":["GET"]}}],"collection":[{"href":"https:\/\/sherinamayani.com\/go\/wp-json\/wp\/v2\/pages"}],"about":[{"href":"https:\/\/sherinamayani.com\/go\/wp-json\/wp\/v2\/types\/page"}],"author":[{"embeddable":true,"href":"https:\/\/sherinamayani.com\/go\/wp-json\/wp\/v2\/users\/3"}],"replies":[{"embeddable":true,"href":"https:\/\/sherinamayani.com\/go\/wp-json\/wp\/v2\/comments?post=7281"}],"version-history":[{"count":0,"href":"https:\/\/sherinamayani.com\/go\/wp-json\/wp\/v2\/pages\/7281\/revisions"}],"wp:attachment":[{"href":"https:\/\/sherinamayani.com\/go\/wp-json\/wp\/v2\/media?parent=7281"}],"curies":[{"name":"wp","href":"https:\/\/api.w.org\/{rel}","templated":true}]}}